{"id":245,"date":"2023-05-10T23:12:04","date_gmt":"2023-05-11T02:12:04","guid":{"rendered":"https:\/\/jbvconsultoriasst.com.br\/?page_id=245"},"modified":"2023-05-11T18:17:46","modified_gmt":"2023-05-11T21:17:46","slug":"ppp","status":"publish","type":"page","link":"https:\/\/jbvconsultoriasst.com.br\/index.php\/ppp\/","title":{"rendered":"Perfil Profissiogr\u00e1fico Previdenci\u00e1rio\u00a0&#8211;\u00a0(PPP)"},"content":{"rendered":"\t\t<div data-elementor-type=\"wp-page\" data-elementor-id=\"245\" class=\"elementor elementor-245\">\n\t\t\t\t\t\t\t\t\t<section class=\"elementor-section elementor-top-section elementor-element elementor-element-07f633e elementor-section-boxed elementor-section-height-default elementor-section-height-default\" data-id=\"07f633e\" data-element_type=\"section\">\n\t\t\t\t\t\t<div class=\"elementor-container elementor-column-gap-default\">\n\t\t\t\t\t<div class=\"elementor-column elementor-col-100 elementor-top-column elementor-element elementor-element-1142152\" data-id=\"1142152\" data-element_type=\"column\">\n\t\t\t<div class=\"elementor-widget-wrap elementor-element-populated\">\n\t\t\t\t\t\t\t\t<section class=\"elementor-section elementor-inner-section elementor-element elementor-element-44da5ca elementor-section-boxed elementor-section-height-default elementor-section-height-default\" data-id=\"44da5ca\" data-element_type=\"section\">\n\t\t\t\t\t\t<div class=\"elementor-container elementor-column-gap-default\">\n\t\t\t\t\t<div class=\"elementor-column elementor-col-50 elementor-inner-column elementor-element elementor-element-0ee986b\" data-id=\"0ee986b\" data-element_type=\"column\">\n\t\t\t<div class=\"elementor-widget-wrap elementor-element-populated\">\n\t\t\t\t\t\t\t\t<div class=\"elementor-element elementor-element-c11c191 elementor-widget elementor-widget-heading\" data-id=\"c11c191\" data-element_type=\"widget\" data-widget_type=\"heading.default\">\n\t\t\t\t<div class=\"elementor-widget-container\">\n\t\t\t<style>\/*! elementor - v3.12.2 - 23-04-2023 *\/\n.elementor-heading-title{padding:0;margin:0;line-height:1}.elementor-widget-heading .elementor-heading-title[class*=elementor-size-]>a{color:inherit;font-size:inherit;line-height:inherit}.elementor-widget-heading .elementor-heading-title.elementor-size-small{font-size:15px}.elementor-widget-heading .elementor-heading-title.elementor-size-medium{font-size:19px}.elementor-widget-heading .elementor-heading-title.elementor-size-large{font-size:29px}.elementor-widget-heading .elementor-heading-title.elementor-size-xl{font-size:39px}.elementor-widget-heading .elementor-heading-title.elementor-size-xxl{font-size:59px}<\/style><h2 class=\"elementor-heading-title elementor-size-default\">Perfil Profissiogr\u00e1fico Previdenci\u00e1rio - (PPP)<\/h2>\t\t<\/div>\n\t\t\t\t<\/div>\n\t\t\t\t\t<\/div>\n\t\t<\/div>\n\t\t\t\t<div class=\"elementor-column elementor-col-50 elementor-inner-column elementor-element elementor-element-d4b6223\" data-id=\"d4b6223\" data-element_type=\"column\">\n\t\t\t<div class=\"elementor-widget-wrap\">\n\t\t\t\t\t\t\t\t\t<\/div>\n\t\t<\/div>\n\t\t\t\t\t\t\t<\/div>\n\t\t<\/section>\n\t\t\t\t<section class=\"elementor-section elementor-inner-section elementor-element elementor-element-ea4439f elementor-section-boxed elementor-section-height-default elementor-section-height-default\" data-id=\"ea4439f\" data-element_type=\"section\">\n\t\t\t\t\t\t<div class=\"elementor-container elementor-column-gap-default\">\n\t\t\t\t\t<div class=\"elementor-column elementor-col-50 elementor-inner-column elementor-element elementor-element-8caeb36\" data-id=\"8caeb36\" data-element_type=\"column\">\n\t\t\t<div class=\"elementor-widget-wrap elementor-element-populated\">\n\t\t\t\t\t\t\t\t<div class=\"elementor-element elementor-element-fccee33 elementor-widget elementor-widget-text-editor\" data-id=\"fccee33\" data-element_type=\"widget\" data-widget_type=\"text-editor.default\">\n\t\t\t\t<div class=\"elementor-widget-container\">\n\t\t\t<style>\/*! elementor - v3.12.2 - 23-04-2023 *\/\n.elementor-widget-text-editor.elementor-drop-cap-view-stacked .elementor-drop-cap{background-color:#69727d;color:#fff}.elementor-widget-text-editor.elementor-drop-cap-view-framed .elementor-drop-cap{color:#69727d;border:3px solid;background-color:transparent}.elementor-widget-text-editor:not(.elementor-drop-cap-view-default) .elementor-drop-cap{margin-top:8px}.elementor-widget-text-editor:not(.elementor-drop-cap-view-default) .elementor-drop-cap-letter{width:1em;height:1em}.elementor-widget-text-editor .elementor-drop-cap{float:left;text-align:center;line-height:1;font-size:50px}.elementor-widget-text-editor .elementor-drop-cap-letter{display:inline-block}<\/style>\t\t\t\t<p>O servi\u00e7o de elabora\u00e7\u00e3o do PPP consiste na an\u00e1lise minuciosa das atividades desempenhadas pelos colaboradores, com base em informa\u00e7\u00f5es fornecidas pelos setores de recursos humanos e seguran\u00e7a do trabalho da empresa. \u00c9 feita a identifica\u00e7\u00e3o dos riscos ocupacionais presentes em cada atividade, bem como a avalia\u00e7\u00e3o das condi\u00e7\u00f5es ambientais de trabalho.<\/p><p>Com base nessas informa\u00e7\u00f5es, \u00e9 elaborado o PPP, que cont\u00e9m dados pessoais do trabalhador, a descri\u00e7\u00e3o das atividades desenvolvidas, as condi\u00e7\u00f5es do ambiente de trabalho, os agentes nocivos a que o trabalhador esteve exposto e a avalia\u00e7\u00e3o quantitativa desses agentes. O PPP tamb\u00e9m pode conter informa\u00e7\u00f5es sobre equipamentos de prote\u00e7\u00e3o individual (EPIs) utilizados pelos trabalhadores, exames m\u00e9dicos realizados e medidas de preven\u00e7\u00e3o adotadas pela empresa.<\/p><p>O servi\u00e7o de elabora\u00e7\u00e3o do PPP \u00e9 fundamental para garantir que a empresa esteja em conformidade com a legisla\u00e7\u00e3o trabalhista e previdenci\u00e1ria, al\u00e9m de assegurar o direito do trabalhador \u00e0 aposentadoria especial.<\/p>\t\t\t\t\t\t<\/div>\n\t\t\t\t<\/div>\n\t\t\t\t\t<\/div>\n\t\t<\/div>\n\t\t\t\t<div class=\"elementor-column elementor-col-50 elementor-inner-column elementor-element elementor-element-1983ced\" data-id=\"1983ced\" data-element_type=\"column\">\n\t\t\t<div class=\"elementor-widget-wrap elementor-element-populated\">\n\t\t\t\t\t\t\t\t<div class=\"elementor-element elementor-element-79718b3 elementor-widget elementor-widget-image\" data-id=\"79718b3\" data-element_type=\"widget\" data-widget_type=\"image.default\">\n\t\t\t\t<div class=\"elementor-widget-container\">\n\t\t\t<style>\/*! elementor - v3.12.2 - 23-04-2023 *\/\n.elementor-widget-image{text-align:center}.elementor-widget-image a{display:inline-block}.elementor-widget-image a img[src$=\".svg\"]{width:48px}.elementor-widget-image img{vertical-align:middle;display:inline-block}<\/style>\t\t\t\t\t\t\t\t\t\t\t\t<img loading=\"lazy\" decoding=\"async\" width=\"800\" height=\"800\" src=\"https:\/\/jbvconsultoriasst.com.br\/wp-content\/uploads\/2023\/05\/PPP-1024x1024.jpg\" class=\"attachment-large size-large wp-image-262\" alt=\"\" srcset=\"https:\/\/jbvconsultoriasst.com.br\/wp-content\/uploads\/2023\/05\/PPP-1024x1024.jpg 1024w, https:\/\/jbvconsultoriasst.com.br\/wp-content\/uploads\/2023\/05\/PPP-300x300.jpg 300w, https:\/\/jbvconsultoriasst.com.br\/wp-content\/uploads\/2023\/05\/PPP-150x150.jpg 150w, https:\/\/jbvconsultoriasst.com.br\/wp-content\/uploads\/2023\/05\/PPP-768x768.jpg 768w, https:\/\/jbvconsultoriasst.com.br\/wp-content\/uploads\/2023\/05\/PPP.jpg 1080w\" sizes=\"auto, (max-width: 800px) 100vw, 800px\" \/>\t\t\t\t\t\t\t\t\t\t\t\t\t\t\t<\/div>\n\t\t\t\t<\/div>\n\t\t\t\t<div class=\"elementor-element elementor-element-f795d52 elementor-align-center elementor-widget elementor-widget-button\" data-id=\"f795d52\" data-element_type=\"widget\" data-widget_type=\"button.default\">\n\t\t\t\t<div class=\"elementor-widget-container\">\n\t\t\t\t\t<div class=\"elementor-button-wrapper\">\n\t\t\t<a href=\"https:\/\/jbvconsultoriasst.com.br\/index.php\/faleconosco\/\" class=\"elementor-button-link elementor-button elementor-size-sm\" role=\"button\">\n\t\t\t\t\t\t<span class=\"elementor-button-content-wrapper\">\n\t\t\t\t\t\t\t<span class=\"elementor-button-icon elementor-align-icon-left\">\n\t\t\t\t<i aria-hidden=\"true\" class=\"far fa-envelope-open\"><\/i>\t\t\t<\/span>\n\t\t\t\t\t\t<span class=\"elementor-button-text\">Solicite seu or\u00e7amento<\/span>\n\t\t<\/span>\n\t\t\t\t\t<\/a>\n\t\t<\/div>\n\t\t\t\t<\/div>\n\t\t\t\t<\/div>\n\t\t\t\t\t<\/div>\n\t\t<\/div>\n\t\t\t\t\t\t\t<\/div>\n\t\t<\/section>\n\t\t\t\t\t<\/div>\n\t\t<\/div>\n\t\t\t\t\t\t\t<\/div>\n\t\t<\/section>\n\t\t\t\t\t\t\t<\/div>\n\t\t","protected":false},"excerpt":{"rendered":"<p>Perfil Profissiogr\u00e1fico Previdenci\u00e1rio &#8211; (PPP) O servi\u00e7o de elabora\u00e7\u00e3o do PPP consiste na an\u00e1lise minuciosa das atividades desempenhadas pelos colaboradores, com base em informa\u00e7\u00f5es fornecidas pelos setores de recursos humanos e seguran\u00e7a do trabalho da empresa. \u00c9 feita a identifica\u00e7\u00e3o dos riscos ocupacionais presentes em cada atividade, bem como a avalia\u00e7\u00e3o das condi\u00e7\u00f5es ambientais de [&hellip;]<\/p>\n","protected":false},"author":1,"featured_media":0,"parent":0,"menu_order":0,"comment_status":"closed","ping_status":"closed","template":"elementor_header_footer","meta":{"footnotes":""},"class_list":["post-245","page","type-page","status-publish","hentry"],"_links":{"self":[{"href":"https:\/\/jbvconsultoriasst.com.br\/index.php\/wp-json\/wp\/v2\/pages\/245","targetHints":{"allow":["GET"]}}],"collection":[{"href":"https:\/\/jbvconsultoriasst.com.br\/index.php\/wp-json\/wp\/v2\/pages"}],"about":[{"href":"https:\/\/jbvconsultoriasst.com.br\/index.php\/wp-json\/wp\/v2\/types\/page"}],"author":[{"embeddable":true,"href":"https:\/\/jbvconsultoriasst.com.br\/index.php\/wp-json\/wp\/v2\/users\/1"}],"replies":[{"embeddable":true,"href":"https:\/\/jbvconsultoriasst.com.br\/index.php\/wp-json\/wp\/v2\/comments?post=245"}],"version-history":[{"count":10,"href":"https:\/\/jbvconsultoriasst.com.br\/index.php\/wp-json\/wp\/v2\/pages\/245\/revisions"}],"predecessor-version":[{"id":326,"href":"https:\/\/jbvconsultoriasst.com.br\/index.php\/wp-json\/wp\/v2\/pages\/245\/revisions\/326"}],"wp:attachment":[{"href":"https:\/\/jbvconsultoriasst.com.br\/index.php\/wp-json\/wp\/v2\/media?parent=245"}],"curies":[{"name":"wp","href":"https:\/\/api.w.org\/{rel}","templated":true}]}}