{"id":238,"date":"2023-05-10T23:10:27","date_gmt":"2023-05-11T02:10:27","guid":{"rendered":"https:\/\/jbvconsultoriasst.com.br\/?page_id=238"},"modified":"2023-05-11T18:17:15","modified_gmt":"2023-05-11T21:17:15","slug":"nr_17","status":"publish","type":"page","link":"https:\/\/jbvconsultoriasst.com.br\/index.php\/nr_17\/","title":{"rendered":"An\u00e1lise Ergon\u00f4mica do Trabalho &#8211; (AET &#8211; NR-17)"},"content":{"rendered":"\t\t<div data-elementor-type=\"wp-page\" data-elementor-id=\"238\" class=\"elementor elementor-238\">\n\t\t\t\t\t\t\t\t\t<section class=\"elementor-section elementor-top-section elementor-element elementor-element-2eb398b elementor-section-boxed elementor-section-height-default elementor-section-height-default\" data-id=\"2eb398b\" data-element_type=\"section\">\n\t\t\t\t\t\t<div class=\"elementor-container elementor-column-gap-default\">\n\t\t\t\t\t<div class=\"elementor-column elementor-col-100 elementor-top-column elementor-element elementor-element-64e08af\" data-id=\"64e08af\" data-element_type=\"column\">\n\t\t\t<div class=\"elementor-widget-wrap elementor-element-populated\">\n\t\t\t\t\t\t\t\t<section class=\"elementor-section elementor-inner-section elementor-element elementor-element-36ef3af elementor-section-boxed elementor-section-height-default elementor-section-height-default\" data-id=\"36ef3af\" data-element_type=\"section\">\n\t\t\t\t\t\t<div class=\"elementor-container elementor-column-gap-default\">\n\t\t\t\t\t<div class=\"elementor-column elementor-col-50 elementor-inner-column elementor-element elementor-element-49b8fa3\" data-id=\"49b8fa3\" data-element_type=\"column\">\n\t\t\t<div class=\"elementor-widget-wrap elementor-element-populated\">\n\t\t\t\t\t\t\t\t<div class=\"elementor-element elementor-element-cf43536 elementor-widget elementor-widget-heading\" data-id=\"cf43536\" data-element_type=\"widget\" data-widget_type=\"heading.default\">\n\t\t\t\t<div class=\"elementor-widget-container\">\n\t\t\t<style>\/*! elementor - v3.12.2 - 23-04-2023 *\/\n.elementor-heading-title{padding:0;margin:0;line-height:1}.elementor-widget-heading .elementor-heading-title[class*=elementor-size-]>a{color:inherit;font-size:inherit;line-height:inherit}.elementor-widget-heading .elementor-heading-title.elementor-size-small{font-size:15px}.elementor-widget-heading .elementor-heading-title.elementor-size-medium{font-size:19px}.elementor-widget-heading .elementor-heading-title.elementor-size-large{font-size:29px}.elementor-widget-heading .elementor-heading-title.elementor-size-xl{font-size:39px}.elementor-widget-heading .elementor-heading-title.elementor-size-xxl{font-size:59px}<\/style><h2 class=\"elementor-heading-title elementor-size-default\">An\u00e1lise Ergon\u00f4mica do Trabalho - (AET - NR-17)<\/h2>\t\t<\/div>\n\t\t\t\t<\/div>\n\t\t\t\t\t<\/div>\n\t\t<\/div>\n\t\t\t\t<div class=\"elementor-column elementor-col-50 elementor-inner-column elementor-element elementor-element-04ca890\" data-id=\"04ca890\" data-element_type=\"column\">\n\t\t\t<div class=\"elementor-widget-wrap\">\n\t\t\t\t\t\t\t\t\t<\/div>\n\t\t<\/div>\n\t\t\t\t\t\t\t<\/div>\n\t\t<\/section>\n\t\t\t\t<section class=\"elementor-section elementor-inner-section elementor-element elementor-element-3a9609e elementor-section-boxed elementor-section-height-default elementor-section-height-default\" data-id=\"3a9609e\" data-element_type=\"section\">\n\t\t\t\t\t\t<div class=\"elementor-container elementor-column-gap-default\">\n\t\t\t\t\t<div class=\"elementor-column elementor-col-50 elementor-inner-column elementor-element elementor-element-3a917a0\" data-id=\"3a917a0\" data-element_type=\"column\">\n\t\t\t<div class=\"elementor-widget-wrap elementor-element-populated\">\n\t\t\t\t\t\t\t\t<div class=\"elementor-element elementor-element-42b9f68 elementor-widget elementor-widget-text-editor\" data-id=\"42b9f68\" data-element_type=\"widget\" data-widget_type=\"text-editor.default\">\n\t\t\t\t<div class=\"elementor-widget-container\">\n\t\t\t<style>\/*! elementor - v3.12.2 - 23-04-2023 *\/\n.elementor-widget-text-editor.elementor-drop-cap-view-stacked .elementor-drop-cap{background-color:#69727d;color:#fff}.elementor-widget-text-editor.elementor-drop-cap-view-framed .elementor-drop-cap{color:#69727d;border:3px solid;background-color:transparent}.elementor-widget-text-editor:not(.elementor-drop-cap-view-default) .elementor-drop-cap{margin-top:8px}.elementor-widget-text-editor:not(.elementor-drop-cap-view-default) .elementor-drop-cap-letter{width:1em;height:1em}.elementor-widget-text-editor .elementor-drop-cap{float:left;text-align:center;line-height:1;font-size:50px}.elementor-widget-text-editor .elementor-drop-cap-letter{display:inline-block}<\/style>\t\t\t\t<p>A an\u00e1lise ergon\u00f4mica do trabalho \u00e9 um servi\u00e7o que tem como objetivo identificar, avaliar e propor solu\u00e7\u00f5es para os problemas relacionados \u00e0 ergonomia no ambiente de trabalho. \u00c9 uma exig\u00eancia legal prevista na Norma Regulamentadora NR-17, que busca garantir a sa\u00fade e a seguran\u00e7a dos trabalhadores em suas atividades laborais.<\/p><p>O servi\u00e7o de an\u00e1lise ergon\u00f4mica do trabalho inclui a realiza\u00e7\u00e3o de entrevistas com os colaboradores, observa\u00e7\u00e3o direta das atividades desenvolvidas, avalia\u00e7\u00e3o da postura e movimenta\u00e7\u00e3o do corpo, an\u00e1lise de mobili\u00e1rios e equipamentos utilizados e demais aspectos ergon\u00f4micos do ambiente de trabalho. Com base nessas informa\u00e7\u00f5es, s\u00e3o elaborados relat\u00f3rios e laudos que apontam os problemas encontrados e recomendam solu\u00e7\u00f5es para corrigi-los.<\/p><p>A an\u00e1lise ergon\u00f4mica do trabalho \u00e9 fundamental para prevenir les\u00f5es e doen\u00e7as ocupacionais, melhorar a qualidade de vida dos trabalhadores e aumentar a produtividade no ambiente de trabalho. A empresa que contrata esse servi\u00e7o demonstra seu comprometimento com a sa\u00fade e a seguran\u00e7a de seus colaboradores e tamb\u00e9m evita poss\u00edveis autua\u00e7\u00f5es e multas decorrentes do n\u00e3o cumprimento das normas regulamentadoras.<\/p>\t\t\t\t\t\t<\/div>\n\t\t\t\t<\/div>\n\t\t\t\t\t<\/div>\n\t\t<\/div>\n\t\t\t\t<div class=\"elementor-column elementor-col-50 elementor-inner-column elementor-element elementor-element-001c0cf\" data-id=\"001c0cf\" data-element_type=\"column\">\n\t\t\t<div class=\"elementor-widget-wrap elementor-element-populated\">\n\t\t\t\t\t\t\t\t<div class=\"elementor-element elementor-element-6c5eaa5 elementor-widget elementor-widget-image\" data-id=\"6c5eaa5\" data-element_type=\"widget\" data-widget_type=\"image.default\">\n\t\t\t\t<div class=\"elementor-widget-container\">\n\t\t\t<style>\/*! elementor - v3.12.2 - 23-04-2023 *\/\n.elementor-widget-image{text-align:center}.elementor-widget-image a{display:inline-block}.elementor-widget-image a img[src$=\".svg\"]{width:48px}.elementor-widget-image img{vertical-align:middle;display:inline-block}<\/style>\t\t\t\t\t\t\t\t\t\t\t\t<img loading=\"lazy\" decoding=\"async\" width=\"800\" height=\"800\" src=\"https:\/\/jbvconsultoriasst.com.br\/wp-content\/uploads\/2023\/05\/NR-17-1024x1024.jpg\" class=\"attachment-large size-large wp-image-259\" alt=\"\" srcset=\"https:\/\/jbvconsultoriasst.com.br\/wp-content\/uploads\/2023\/05\/NR-17-1024x1024.jpg 1024w, https:\/\/jbvconsultoriasst.com.br\/wp-content\/uploads\/2023\/05\/NR-17-300x300.jpg 300w, https:\/\/jbvconsultoriasst.com.br\/wp-content\/uploads\/2023\/05\/NR-17-150x150.jpg 150w, https:\/\/jbvconsultoriasst.com.br\/wp-content\/uploads\/2023\/05\/NR-17-768x768.jpg 768w, https:\/\/jbvconsultoriasst.com.br\/wp-content\/uploads\/2023\/05\/NR-17.jpg 1080w\" sizes=\"auto, (max-width: 800px) 100vw, 800px\" \/>\t\t\t\t\t\t\t\t\t\t\t\t\t\t\t<\/div>\n\t\t\t\t<\/div>\n\t\t\t\t<div class=\"elementor-element elementor-element-fb4a6d2 elementor-align-center elementor-widget elementor-widget-button\" data-id=\"fb4a6d2\" data-element_type=\"widget\" data-widget_type=\"button.default\">\n\t\t\t\t<div class=\"elementor-widget-container\">\n\t\t\t\t\t<div class=\"elementor-button-wrapper\">\n\t\t\t<a href=\"https:\/\/jbvconsultoriasst.com.br\/index.php\/faleconosco\/\" class=\"elementor-button-link elementor-button elementor-size-sm\" role=\"button\">\n\t\t\t\t\t\t<span class=\"elementor-button-content-wrapper\">\n\t\t\t\t\t\t\t<span class=\"elementor-button-icon elementor-align-icon-left\">\n\t\t\t\t<i aria-hidden=\"true\" class=\"far fa-envelope-open\"><\/i>\t\t\t<\/span>\n\t\t\t\t\t\t<span class=\"elementor-button-text\">Solicite seu or\u00e7amento<\/span>\n\t\t<\/span>\n\t\t\t\t\t<\/a>\n\t\t<\/div>\n\t\t\t\t<\/div>\n\t\t\t\t<\/div>\n\t\t\t\t\t<\/div>\n\t\t<\/div>\n\t\t\t\t\t\t\t<\/div>\n\t\t<\/section>\n\t\t\t\t\t<\/div>\n\t\t<\/div>\n\t\t\t\t\t\t\t<\/div>\n\t\t<\/section>\n\t\t\t\t\t\t\t<\/div>\n\t\t","protected":false},"excerpt":{"rendered":"<p>An\u00e1lise Ergon\u00f4mica do Trabalho &#8211; (AET &#8211; NR-17) A an\u00e1lise ergon\u00f4mica do trabalho \u00e9 um servi\u00e7o que tem como objetivo identificar, avaliar e propor solu\u00e7\u00f5es para os problemas relacionados \u00e0 ergonomia no ambiente de trabalho. \u00c9 uma exig\u00eancia legal prevista na Norma Regulamentadora NR-17, que busca garantir a sa\u00fade e a seguran\u00e7a dos trabalhadores em [&hellip;]<\/p>\n","protected":false},"author":1,"featured_media":0,"parent":0,"menu_order":0,"comment_status":"closed","ping_status":"closed","template":"elementor_header_footer","meta":{"footnotes":""},"class_list":["post-238","page","type-page","status-publish","hentry"],"_links":{"self":[{"href":"https:\/\/jbvconsultoriasst.com.br\/index.php\/wp-json\/wp\/v2\/pages\/238","targetHints":{"allow":["GET"]}}],"collection":[{"href":"https:\/\/jbvconsultoriasst.com.br\/index.php\/wp-json\/wp\/v2\/pages"}],"about":[{"href":"https:\/\/jbvconsultoriasst.com.br\/index.php\/wp-json\/wp\/v2\/types\/page"}],"author":[{"embeddable":true,"href":"https:\/\/jbvconsultoriasst.com.br\/index.php\/wp-json\/wp\/v2\/users\/1"}],"replies":[{"embeddable":true,"href":"https:\/\/jbvconsultoriasst.com.br\/index.php\/wp-json\/wp\/v2\/comments?post=238"}],"version-history":[{"count":7,"href":"https:\/\/jbvconsultoriasst.com.br\/index.php\/wp-json\/wp\/v2\/pages\/238\/revisions"}],"predecessor-version":[{"id":320,"href":"https:\/\/jbvconsultoriasst.com.br\/index.php\/wp-json\/wp\/v2\/pages\/238\/revisions\/320"}],"wp:attachment":[{"href":"https:\/\/jbvconsultoriasst.com.br\/index.php\/wp-json\/wp\/v2\/media?parent=238"}],"curies":[{"name":"wp","href":"https:\/\/api.w.org\/{rel}","templated":true}]}}