{"id":227,"date":"2023-05-10T22:58:46","date_gmt":"2023-05-11T01:58:46","guid":{"rendered":"https:\/\/jbvconsultoriasst.com.br\/?page_id=227"},"modified":"2023-05-11T18:16:01","modified_gmt":"2023-05-11T21:16:01","slug":"nr-15","status":"publish","type":"page","link":"https:\/\/jbvconsultoriasst.com.br\/index.php\/nr-15\/","title":{"rendered":"Laudo de Insalubridade (NR-15)"},"content":{"rendered":"\t\t<div data-elementor-type=\"wp-page\" data-elementor-id=\"227\" class=\"elementor elementor-227\">\n\t\t\t\t\t\t\t\t\t<section class=\"elementor-section elementor-top-section elementor-element elementor-element-fc0a1f6 elementor-section-boxed elementor-section-height-default elementor-section-height-default\" data-id=\"fc0a1f6\" data-element_type=\"section\">\n\t\t\t\t\t\t<div class=\"elementor-container elementor-column-gap-default\">\n\t\t\t\t\t<div class=\"elementor-column elementor-col-100 elementor-top-column elementor-element elementor-element-2469a1f\" data-id=\"2469a1f\" data-element_type=\"column\">\n\t\t\t<div class=\"elementor-widget-wrap elementor-element-populated\">\n\t\t\t\t\t\t\t\t<section class=\"elementor-section elementor-inner-section elementor-element elementor-element-d391a21 elementor-section-boxed elementor-section-height-default elementor-section-height-default\" data-id=\"d391a21\" data-element_type=\"section\">\n\t\t\t\t\t\t<div class=\"elementor-container elementor-column-gap-default\">\n\t\t\t\t\t<div class=\"elementor-column elementor-col-50 elementor-inner-column elementor-element elementor-element-9a0cdad\" data-id=\"9a0cdad\" data-element_type=\"column\">\n\t\t\t<div class=\"elementor-widget-wrap elementor-element-populated\">\n\t\t\t\t\t\t\t\t<div class=\"elementor-element elementor-element-54de9c3 elementor-widget elementor-widget-heading\" data-id=\"54de9c3\" data-element_type=\"widget\" data-widget_type=\"heading.default\">\n\t\t\t\t<div class=\"elementor-widget-container\">\n\t\t\t<style>\/*! elementor - v3.12.2 - 23-04-2023 *\/\n.elementor-heading-title{padding:0;margin:0;line-height:1}.elementor-widget-heading .elementor-heading-title[class*=elementor-size-]>a{color:inherit;font-size:inherit;line-height:inherit}.elementor-widget-heading .elementor-heading-title.elementor-size-small{font-size:15px}.elementor-widget-heading .elementor-heading-title.elementor-size-medium{font-size:19px}.elementor-widget-heading .elementor-heading-title.elementor-size-large{font-size:29px}.elementor-widget-heading .elementor-heading-title.elementor-size-xl{font-size:39px}.elementor-widget-heading .elementor-heading-title.elementor-size-xxl{font-size:59px}<\/style><h2 class=\"elementor-heading-title elementor-size-default\">Laudo de Insalubridade (NR-15)<\/h2>\t\t<\/div>\n\t\t\t\t<\/div>\n\t\t\t\t\t<\/div>\n\t\t<\/div>\n\t\t\t\t<div class=\"elementor-column elementor-col-50 elementor-inner-column elementor-element elementor-element-1a2737a\" data-id=\"1a2737a\" data-element_type=\"column\">\n\t\t\t<div class=\"elementor-widget-wrap\">\n\t\t\t\t\t\t\t\t\t<\/div>\n\t\t<\/div>\n\t\t\t\t\t\t\t<\/div>\n\t\t<\/section>\n\t\t\t\t<section class=\"elementor-section elementor-inner-section elementor-element elementor-element-71b6c67 elementor-section-boxed elementor-section-height-default elementor-section-height-default\" data-id=\"71b6c67\" data-element_type=\"section\">\n\t\t\t\t\t\t<div class=\"elementor-container elementor-column-gap-default\">\n\t\t\t\t\t<div class=\"elementor-column elementor-col-50 elementor-inner-column elementor-element elementor-element-236b009\" data-id=\"236b009\" data-element_type=\"column\">\n\t\t\t<div class=\"elementor-widget-wrap elementor-element-populated\">\n\t\t\t\t\t\t\t\t<div class=\"elementor-element elementor-element-b57ba3c elementor-widget elementor-widget-text-editor\" data-id=\"b57ba3c\" data-element_type=\"widget\" data-widget_type=\"text-editor.default\">\n\t\t\t\t<div class=\"elementor-widget-container\">\n\t\t\t<style>\/*! elementor - v3.12.2 - 23-04-2023 *\/\n.elementor-widget-text-editor.elementor-drop-cap-view-stacked .elementor-drop-cap{background-color:#69727d;color:#fff}.elementor-widget-text-editor.elementor-drop-cap-view-framed .elementor-drop-cap{color:#69727d;border:3px solid;background-color:transparent}.elementor-widget-text-editor:not(.elementor-drop-cap-view-default) .elementor-drop-cap{margin-top:8px}.elementor-widget-text-editor:not(.elementor-drop-cap-view-default) .elementor-drop-cap-letter{width:1em;height:1em}.elementor-widget-text-editor .elementor-drop-cap{float:left;text-align:center;line-height:1;font-size:50px}.elementor-widget-text-editor .elementor-drop-cap-letter{display:inline-block}<\/style>\t\t\t\t<p>O laudo de insalubridade tem como objetivo avaliar o grau de exposi\u00e7\u00e3o a esses agentes e determinar se o trabalhador tem direito a receber o adicional de insalubridade, conforme previsto na legisla\u00e7\u00e3o trabalhista. O servi\u00e7o inclui a coleta de dados, medi\u00e7\u00f5es e avalia\u00e7\u00f5es de condi\u00e7\u00f5es de trabalho, elabora\u00e7\u00e3o do laudo com informa\u00e7\u00f5es t\u00e9cnicas e conclus\u00e3o do grau de insalubridade, al\u00e9m de orienta\u00e7\u00f5es sobre como solucionar ou minimizar os riscos identificados. O objetivo \u00e9 oferecer um servi\u00e7o completo e de qualidade, a fim de garantir a sa\u00fade e a integridade f\u00edsica dos trabalhadores, bem como o cumprimento da legisla\u00e7\u00e3o trabalhista e previdenci\u00e1ria.<\/p>\t\t\t\t\t\t<\/div>\n\t\t\t\t<\/div>\n\t\t\t\t\t<\/div>\n\t\t<\/div>\n\t\t\t\t<div class=\"elementor-column elementor-col-50 elementor-inner-column elementor-element elementor-element-8f574a3\" data-id=\"8f574a3\" data-element_type=\"column\">\n\t\t\t<div class=\"elementor-widget-wrap elementor-element-populated\">\n\t\t\t\t\t\t\t\t<div class=\"elementor-element elementor-element-f734419 elementor-widget elementor-widget-image\" data-id=\"f734419\" data-element_type=\"widget\" data-widget_type=\"image.default\">\n\t\t\t\t<div class=\"elementor-widget-container\">\n\t\t\t<style>\/*! elementor - v3.12.2 - 23-04-2023 *\/\n.elementor-widget-image{text-align:center}.elementor-widget-image a{display:inline-block}.elementor-widget-image a img[src$=\".svg\"]{width:48px}.elementor-widget-image img{vertical-align:middle;display:inline-block}<\/style>\t\t\t\t\t\t\t\t\t\t\t\t<img loading=\"lazy\" decoding=\"async\" width=\"800\" height=\"800\" src=\"https:\/\/jbvconsultoriasst.com.br\/wp-content\/uploads\/2023\/05\/NR-15-1024x1024.jpg\" class=\"attachment-large size-large wp-image-257\" alt=\"\" srcset=\"https:\/\/jbvconsultoriasst.com.br\/wp-content\/uploads\/2023\/05\/NR-15-1024x1024.jpg 1024w, https:\/\/jbvconsultoriasst.com.br\/wp-content\/uploads\/2023\/05\/NR-15-300x300.jpg 300w, https:\/\/jbvconsultoriasst.com.br\/wp-content\/uploads\/2023\/05\/NR-15-150x150.jpg 150w, https:\/\/jbvconsultoriasst.com.br\/wp-content\/uploads\/2023\/05\/NR-15-768x768.jpg 768w, https:\/\/jbvconsultoriasst.com.br\/wp-content\/uploads\/2023\/05\/NR-15.jpg 1080w\" sizes=\"auto, (max-width: 800px) 100vw, 800px\" \/>\t\t\t\t\t\t\t\t\t\t\t\t\t\t\t<\/div>\n\t\t\t\t<\/div>\n\t\t\t\t<div class=\"elementor-element elementor-element-a30901b elementor-align-center elementor-widget elementor-widget-button\" data-id=\"a30901b\" data-element_type=\"widget\" data-widget_type=\"button.default\">\n\t\t\t\t<div class=\"elementor-widget-container\">\n\t\t\t\t\t<div class=\"elementor-button-wrapper\">\n\t\t\t<a href=\"https:\/\/jbvconsultoriasst.com.br\/index.php\/faleconosco\/\" class=\"elementor-button-link elementor-button elementor-size-sm\" role=\"button\">\n\t\t\t\t\t\t<span class=\"elementor-button-content-wrapper\">\n\t\t\t\t\t\t\t<span class=\"elementor-button-icon elementor-align-icon-left\">\n\t\t\t\t<i aria-hidden=\"true\" class=\"far fa-envelope-open\"><\/i>\t\t\t<\/span>\n\t\t\t\t\t\t<span class=\"elementor-button-text\">Solicite seu or\u00e7amento<\/span>\n\t\t<\/span>\n\t\t\t\t\t<\/a>\n\t\t<\/div>\n\t\t\t\t<\/div>\n\t\t\t\t<\/div>\n\t\t\t\t\t<\/div>\n\t\t<\/div>\n\t\t\t\t\t\t\t<\/div>\n\t\t<\/section>\n\t\t\t\t\t<\/div>\n\t\t<\/div>\n\t\t\t\t\t\t\t<\/div>\n\t\t<\/section>\n\t\t\t\t\t\t\t<\/div>\n\t\t","protected":false},"excerpt":{"rendered":"<p>Laudo de Insalubridade (NR-15) O laudo de insalubridade tem como objetivo avaliar o grau de exposi\u00e7\u00e3o a esses agentes e determinar se o trabalhador tem direito a receber o adicional de insalubridade, conforme previsto na legisla\u00e7\u00e3o trabalhista. O servi\u00e7o inclui a coleta de dados, medi\u00e7\u00f5es e avalia\u00e7\u00f5es de condi\u00e7\u00f5es de trabalho, elabora\u00e7\u00e3o do laudo com [&hellip;]<\/p>\n","protected":false},"author":1,"featured_media":0,"parent":0,"menu_order":0,"comment_status":"closed","ping_status":"closed","template":"elementor_header_footer","meta":{"footnotes":""},"class_list":["post-227","page","type-page","status-publish","hentry"],"_links":{"self":[{"href":"https:\/\/jbvconsultoriasst.com.br\/index.php\/wp-json\/wp\/v2\/pages\/227","targetHints":{"allow":["GET"]}}],"collection":[{"href":"https:\/\/jbvconsultoriasst.com.br\/index.php\/wp-json\/wp\/v2\/pages"}],"about":[{"href":"https:\/\/jbvconsultoriasst.com.br\/index.php\/wp-json\/wp\/v2\/types\/page"}],"author":[{"embeddable":true,"href":"https:\/\/jbvconsultoriasst.com.br\/index.php\/wp-json\/wp\/v2\/users\/1"}],"replies":[{"embeddable":true,"href":"https:\/\/jbvconsultoriasst.com.br\/index.php\/wp-json\/wp\/v2\/comments?post=227"}],"version-history":[{"count":7,"href":"https:\/\/jbvconsultoriasst.com.br\/index.php\/wp-json\/wp\/v2\/pages\/227\/revisions"}],"predecessor-version":[{"id":314,"href":"https:\/\/jbvconsultoriasst.com.br\/index.php\/wp-json\/wp\/v2\/pages\/227\/revisions\/314"}],"wp:attachment":[{"href":"https:\/\/jbvconsultoriasst.com.br\/index.php\/wp-json\/wp\/v2\/media?parent=227"}],"curies":[{"name":"wp","href":"https:\/\/api.w.org\/{rel}","templated":true}]}}