{"id":220,"date":"2023-05-10T22:57:07","date_gmt":"2023-05-11T01:57:07","guid":{"rendered":"https:\/\/jbvconsultoriasst.com.br\/?page_id=220"},"modified":"2023-05-11T18:06:36","modified_gmt":"2023-05-11T21:06:36","slug":"pcmso","status":"publish","type":"page","link":"https:\/\/jbvconsultoriasst.com.br\/index.php\/pcmso\/","title":{"rendered":"Programa de Controle M\u00e9dico de Sa\u00fade Ocupacional (PCMSO) &#8211; NR-7"},"content":{"rendered":"\t\t<div data-elementor-type=\"wp-page\" data-elementor-id=\"220\" class=\"elementor elementor-220\">\n\t\t\t\t\t\t\t\t\t<section class=\"elementor-section elementor-top-section elementor-element elementor-element-510be5f elementor-section-boxed elementor-section-height-default elementor-section-height-default\" data-id=\"510be5f\" data-element_type=\"section\">\n\t\t\t\t\t\t<div class=\"elementor-container elementor-column-gap-default\">\n\t\t\t\t\t<div class=\"elementor-column elementor-col-100 elementor-top-column elementor-element elementor-element-0a8528f\" data-id=\"0a8528f\" data-element_type=\"column\">\n\t\t\t<div class=\"elementor-widget-wrap elementor-element-populated\">\n\t\t\t\t\t\t\t\t<section class=\"elementor-section elementor-inner-section elementor-element elementor-element-762ab85 elementor-section-boxed elementor-section-height-default elementor-section-height-default\" data-id=\"762ab85\" data-element_type=\"section\">\n\t\t\t\t\t\t<div class=\"elementor-container elementor-column-gap-default\">\n\t\t\t\t\t<div class=\"elementor-column elementor-col-50 elementor-inner-column elementor-element elementor-element-d5b90b5\" data-id=\"d5b90b5\" data-element_type=\"column\">\n\t\t\t<div class=\"elementor-widget-wrap elementor-element-populated\">\n\t\t\t\t\t\t\t\t<div class=\"elementor-element elementor-element-45ba03c elementor-widget elementor-widget-heading\" data-id=\"45ba03c\" data-element_type=\"widget\" data-widget_type=\"heading.default\">\n\t\t\t\t<div class=\"elementor-widget-container\">\n\t\t\t<style>\/*! elementor - v3.12.2 - 23-04-2023 *\/\n.elementor-heading-title{padding:0;margin:0;line-height:1}.elementor-widget-heading .elementor-heading-title[class*=elementor-size-]>a{color:inherit;font-size:inherit;line-height:inherit}.elementor-widget-heading .elementor-heading-title.elementor-size-small{font-size:15px}.elementor-widget-heading .elementor-heading-title.elementor-size-medium{font-size:19px}.elementor-widget-heading .elementor-heading-title.elementor-size-large{font-size:29px}.elementor-widget-heading .elementor-heading-title.elementor-size-xl{font-size:39px}.elementor-widget-heading .elementor-heading-title.elementor-size-xxl{font-size:59px}<\/style><h2 class=\"elementor-heading-title elementor-size-default\">Programa de Controle M\u00e9dico de Sa\u00fade Ocupacional (PCMSO) - NR-7 (ANUAL)<\/h2>\t\t<\/div>\n\t\t\t\t<\/div>\n\t\t\t\t\t<\/div>\n\t\t<\/div>\n\t\t\t\t<div class=\"elementor-column elementor-col-50 elementor-inner-column elementor-element elementor-element-7bfae7d\" data-id=\"7bfae7d\" data-element_type=\"column\">\n\t\t\t<div class=\"elementor-widget-wrap\">\n\t\t\t\t\t\t\t\t\t<\/div>\n\t\t<\/div>\n\t\t\t\t\t\t\t<\/div>\n\t\t<\/section>\n\t\t\t\t<section class=\"elementor-section elementor-inner-section elementor-element elementor-element-45afe8f elementor-section-boxed elementor-section-height-default elementor-section-height-default\" data-id=\"45afe8f\" data-element_type=\"section\">\n\t\t\t\t\t\t<div class=\"elementor-container elementor-column-gap-default\">\n\t\t\t\t\t<div class=\"elementor-column elementor-col-50 elementor-inner-column elementor-element elementor-element-80c31f7\" data-id=\"80c31f7\" data-element_type=\"column\">\n\t\t\t<div class=\"elementor-widget-wrap elementor-element-populated\">\n\t\t\t\t\t\t\t\t<div class=\"elementor-element elementor-element-77fbed6 elementor-widget elementor-widget-text-editor\" data-id=\"77fbed6\" data-element_type=\"widget\" data-widget_type=\"text-editor.default\">\n\t\t\t\t<div class=\"elementor-widget-container\">\n\t\t\t<style>\/*! elementor - v3.12.2 - 23-04-2023 *\/\n.elementor-widget-text-editor.elementor-drop-cap-view-stacked .elementor-drop-cap{background-color:#69727d;color:#fff}.elementor-widget-text-editor.elementor-drop-cap-view-framed .elementor-drop-cap{color:#69727d;border:3px solid;background-color:transparent}.elementor-widget-text-editor:not(.elementor-drop-cap-view-default) .elementor-drop-cap{margin-top:8px}.elementor-widget-text-editor:not(.elementor-drop-cap-view-default) .elementor-drop-cap-letter{width:1em;height:1em}.elementor-widget-text-editor .elementor-drop-cap{float:left;text-align:center;line-height:1;font-size:50px}.elementor-widget-text-editor .elementor-drop-cap-letter{display:inline-block}<\/style>\t\t\t\t<p>O Programa de Controle M\u00e9dico de Sa\u00fade Ocupacional (PCMSO) \u00e9 um programa que visa proteger a sa\u00fade dos funcion\u00e1rios e prevenir e detectar precocemente problemas de sa\u00fade relacionados ao trabalho. \u00c9 exigido pela Norma Regulamentadora NR-7 (Portaria SEPRT 6.734) que todos os empregadores e institui\u00e7\u00f5es que empregam trabalhadores devem implementar um PCMSO. Isso inclui exames m\u00e9dicos como exames admissionais, demissionais, peri\u00f3dicos, retorno ao trabalho e mudan\u00e7a de fun\u00e7\u00e3o, independentemente do n\u00famero de empregados na empresa. O objetivo \u00e9 garantir a sa\u00fade e a seguran\u00e7a dos trabalhadores e promover um ambiente de trabalho seguro e saud\u00e1vel.<\/p>\t\t\t\t\t\t<\/div>\n\t\t\t\t<\/div>\n\t\t\t\t\t<\/div>\n\t\t<\/div>\n\t\t\t\t<div class=\"elementor-column elementor-col-50 elementor-inner-column elementor-element elementor-element-550f254\" data-id=\"550f254\" data-element_type=\"column\">\n\t\t\t<div class=\"elementor-widget-wrap elementor-element-populated\">\n\t\t\t\t\t\t\t\t<div class=\"elementor-element elementor-element-4e653ad elementor-widget elementor-widget-image\" data-id=\"4e653ad\" data-element_type=\"widget\" data-widget_type=\"image.default\">\n\t\t\t\t<div class=\"elementor-widget-container\">\n\t\t\t<style>\/*! elementor - v3.12.2 - 23-04-2023 *\/\n.elementor-widget-image{text-align:center}.elementor-widget-image a{display:inline-block}.elementor-widget-image a img[src$=\".svg\"]{width:48px}.elementor-widget-image img{vertical-align:middle;display:inline-block}<\/style>\t\t\t\t\t\t\t\t\t\t\t\t<img loading=\"lazy\" decoding=\"async\" width=\"800\" height=\"800\" src=\"https:\/\/jbvconsultoriasst.com.br\/wp-content\/uploads\/2023\/05\/PCMSO-1024x1024.jpg\" class=\"attachment-large size-large wp-image-260\" alt=\"\" srcset=\"https:\/\/jbvconsultoriasst.com.br\/wp-content\/uploads\/2023\/05\/PCMSO-1024x1024.jpg 1024w, https:\/\/jbvconsultoriasst.com.br\/wp-content\/uploads\/2023\/05\/PCMSO-300x300.jpg 300w, https:\/\/jbvconsultoriasst.com.br\/wp-content\/uploads\/2023\/05\/PCMSO-150x150.jpg 150w, https:\/\/jbvconsultoriasst.com.br\/wp-content\/uploads\/2023\/05\/PCMSO-768x768.jpg 768w, https:\/\/jbvconsultoriasst.com.br\/wp-content\/uploads\/2023\/05\/PCMSO.jpg 1080w\" sizes=\"auto, (max-width: 800px) 100vw, 800px\" \/>\t\t\t\t\t\t\t\t\t\t\t\t\t\t\t<\/div>\n\t\t\t\t<\/div>\n\t\t\t\t<div class=\"elementor-element elementor-element-75c2b4d elementor-align-center elementor-widget elementor-widget-button\" data-id=\"75c2b4d\" data-element_type=\"widget\" data-widget_type=\"button.default\">\n\t\t\t\t<div class=\"elementor-widget-container\">\n\t\t\t\t\t<div class=\"elementor-button-wrapper\">\n\t\t\t<a href=\"https:\/\/jbvconsultoriasst.com.br\/index.php\/faleconosco\/\" class=\"elementor-button-link elementor-button elementor-size-sm\" role=\"button\">\n\t\t\t\t\t\t<span class=\"elementor-button-content-wrapper\">\n\t\t\t\t\t\t\t<span class=\"elementor-button-icon elementor-align-icon-left\">\n\t\t\t\t<i aria-hidden=\"true\" class=\"far fa-envelope-open\"><\/i>\t\t\t<\/span>\n\t\t\t\t\t\t<span class=\"elementor-button-text\">Solicite seu or\u00e7amento<\/span>\n\t\t<\/span>\n\t\t\t\t\t<\/a>\n\t\t<\/div>\n\t\t\t\t<\/div>\n\t\t\t\t<\/div>\n\t\t\t\t\t<\/div>\n\t\t<\/div>\n\t\t\t\t\t\t\t<\/div>\n\t\t<\/section>\n\t\t\t\t\t<\/div>\n\t\t<\/div>\n\t\t\t\t\t\t\t<\/div>\n\t\t<\/section>\n\t\t\t\t\t\t\t<\/div>\n\t\t","protected":false},"excerpt":{"rendered":"<p>Programa de Controle M\u00e9dico de Sa\u00fade Ocupacional (PCMSO) &#8211; NR-7 (ANUAL) O Programa de Controle M\u00e9dico de Sa\u00fade Ocupacional (PCMSO) \u00e9 um programa que visa proteger a sa\u00fade dos funcion\u00e1rios e prevenir e detectar precocemente problemas de sa\u00fade relacionados ao trabalho. \u00c9 exigido pela Norma Regulamentadora NR-7 (Portaria SEPRT 6.734) que todos os empregadores e [&hellip;]<\/p>\n","protected":false},"author":1,"featured_media":0,"parent":0,"menu_order":0,"comment_status":"closed","ping_status":"closed","template":"elementor_header_footer","meta":{"footnotes":""},"class_list":["post-220","page","type-page","status-publish","hentry"],"_links":{"self":[{"href":"https:\/\/jbvconsultoriasst.com.br\/index.php\/wp-json\/wp\/v2\/pages\/220","targetHints":{"allow":["GET"]}}],"collection":[{"href":"https:\/\/jbvconsultoriasst.com.br\/index.php\/wp-json\/wp\/v2\/pages"}],"about":[{"href":"https:\/\/jbvconsultoriasst.com.br\/index.php\/wp-json\/wp\/v2\/types\/page"}],"author":[{"embeddable":true,"href":"https:\/\/jbvconsultoriasst.com.br\/index.php\/wp-json\/wp\/v2\/users\/1"}],"replies":[{"embeddable":true,"href":"https:\/\/jbvconsultoriasst.com.br\/index.php\/wp-json\/wp\/v2\/comments?post=220"}],"version-history":[{"count":7,"href":"https:\/\/jbvconsultoriasst.com.br\/index.php\/wp-json\/wp\/v2\/pages\/220\/revisions"}],"predecessor-version":[{"id":311,"href":"https:\/\/jbvconsultoriasst.com.br\/index.php\/wp-json\/wp\/v2\/pages\/220\/revisions\/311"}],"wp:attachment":[{"href":"https:\/\/jbvconsultoriasst.com.br\/index.php\/wp-json\/wp\/v2\/media?parent=220"}],"curies":[{"name":"wp","href":"https:\/\/api.w.org\/{rel}","templated":true}]}}