{"id":213,"date":"2023-05-10T22:54:24","date_gmt":"2023-05-11T01:54:24","guid":{"rendered":"https:\/\/jbvconsultoriasst.com.br\/?page_id=213"},"modified":"2023-05-11T18:05:22","modified_gmt":"2023-05-11T21:05:22","slug":"pgr","status":"publish","type":"page","link":"https:\/\/jbvconsultoriasst.com.br\/index.php\/pgr\/","title":{"rendered":"Programa de Gerenciamento de Riscos (PGR) &#8211; NR-01"},"content":{"rendered":"\t\t<div data-elementor-type=\"wp-page\" data-elementor-id=\"213\" class=\"elementor elementor-213\">\n\t\t\t\t\t\t\t\t\t<section class=\"elementor-section elementor-top-section elementor-element elementor-element-23de4a3 elementor-section-boxed elementor-section-height-default elementor-section-height-default\" data-id=\"23de4a3\" data-element_type=\"section\">\n\t\t\t\t\t\t<div class=\"elementor-container elementor-column-gap-default\">\n\t\t\t\t\t<div class=\"elementor-column elementor-col-100 elementor-top-column elementor-element elementor-element-e3e7e5e\" data-id=\"e3e7e5e\" data-element_type=\"column\">\n\t\t\t<div class=\"elementor-widget-wrap elementor-element-populated\">\n\t\t\t\t\t\t\t\t<section class=\"elementor-section elementor-inner-section elementor-element elementor-element-27e127c elementor-section-boxed elementor-section-height-default elementor-section-height-default\" data-id=\"27e127c\" data-element_type=\"section\">\n\t\t\t\t\t\t<div class=\"elementor-container elementor-column-gap-default\">\n\t\t\t\t\t<div class=\"elementor-column elementor-col-50 elementor-inner-column elementor-element elementor-element-64dd894\" data-id=\"64dd894\" data-element_type=\"column\">\n\t\t\t<div class=\"elementor-widget-wrap elementor-element-populated\">\n\t\t\t\t\t\t\t\t<div class=\"elementor-element elementor-element-d613bd2 elementor-widget elementor-widget-heading\" data-id=\"d613bd2\" data-element_type=\"widget\" data-widget_type=\"heading.default\">\n\t\t\t\t<div class=\"elementor-widget-container\">\n\t\t\t<style>\/*! elementor - v3.12.2 - 23-04-2023 *\/\n.elementor-heading-title{padding:0;margin:0;line-height:1}.elementor-widget-heading .elementor-heading-title[class*=elementor-size-]>a{color:inherit;font-size:inherit;line-height:inherit}.elementor-widget-heading .elementor-heading-title.elementor-size-small{font-size:15px}.elementor-widget-heading .elementor-heading-title.elementor-size-medium{font-size:19px}.elementor-widget-heading .elementor-heading-title.elementor-size-large{font-size:29px}.elementor-widget-heading .elementor-heading-title.elementor-size-xl{font-size:39px}.elementor-widget-heading .elementor-heading-title.elementor-size-xxl{font-size:59px}<\/style><h2 class=\"elementor-heading-title elementor-size-default\">Programa de Gerenciamento de Riscos (PGR) - NR-01<\/h2>\t\t<\/div>\n\t\t\t\t<\/div>\n\t\t\t\t\t<\/div>\n\t\t<\/div>\n\t\t\t\t<div class=\"elementor-column elementor-col-50 elementor-inner-column elementor-element elementor-element-75718f8\" data-id=\"75718f8\" data-element_type=\"column\">\n\t\t\t<div class=\"elementor-widget-wrap\">\n\t\t\t\t\t\t\t\t\t<\/div>\n\t\t<\/div>\n\t\t\t\t\t\t\t<\/div>\n\t\t<\/section>\n\t\t\t\t<section class=\"elementor-section elementor-inner-section elementor-element elementor-element-bc3d003 elementor-section-boxed elementor-section-height-default elementor-section-height-default\" data-id=\"bc3d003\" data-element_type=\"section\">\n\t\t\t\t\t\t<div class=\"elementor-container elementor-column-gap-default\">\n\t\t\t\t\t<div class=\"elementor-column elementor-col-50 elementor-inner-column elementor-element elementor-element-816a849\" data-id=\"816a849\" data-element_type=\"column\">\n\t\t\t<div class=\"elementor-widget-wrap elementor-element-populated\">\n\t\t\t\t\t\t\t\t<div class=\"elementor-element elementor-element-85d60f7 elementor-widget elementor-widget-text-editor\" data-id=\"85d60f7\" data-element_type=\"widget\" data-widget_type=\"text-editor.default\">\n\t\t\t\t<div class=\"elementor-widget-container\">\n\t\t\t<style>\/*! elementor - v3.12.2 - 23-04-2023 *\/\n.elementor-widget-text-editor.elementor-drop-cap-view-stacked .elementor-drop-cap{background-color:#69727d;color:#fff}.elementor-widget-text-editor.elementor-drop-cap-view-framed .elementor-drop-cap{color:#69727d;border:3px solid;background-color:transparent}.elementor-widget-text-editor:not(.elementor-drop-cap-view-default) .elementor-drop-cap{margin-top:8px}.elementor-widget-text-editor:not(.elementor-drop-cap-view-default) .elementor-drop-cap-letter{width:1em;height:1em}.elementor-widget-text-editor .elementor-drop-cap{float:left;text-align:center;line-height:1;font-size:50px}.elementor-widget-text-editor .elementor-drop-cap-letter{display:inline-block}<\/style>\t\t\t\t<p>A Portaria SEPRT n\u00ba 6.730, de 09 de mar\u00e7o de 2020 que aprovou a nova reda\u00e7\u00e3o da Norma Regulamentadora n\u00ba 01 &#8211; Disposi\u00e7\u00f5es Gerais e Gerenciamento de Riscos Ocupacionais, ou seja, determinou que as empresas dever\u00e3o colocar em pratica o Gerenciamento de Riscos Ocupacionais &#8211; GRO em suas atividades. Esse gerenciamento de riscos ocupacionais dever\u00e1 constituir um Programa de Gerenciamento de Riscos &#8211; PGR.<br \/>O PGR \u00e9 composto por processos e t\u00e1ticas de avalia\u00e7\u00e3o de riscos que devem ser seguidos e usados pela empresa com o objetivo de garantir a preserva\u00e7\u00e3o da sa\u00fade e integridade dos trabalhadores frente aos riscos dos ambientes de trabalho, considerando os riscos ocupacionais (qu\u00edmicos, f\u00edsicos, biol\u00f3gicos, ergon\u00f4micos e de acidente) e suas respectivas medidas de preven\u00e7\u00e3o.<\/p><p>Etapas para emissao do PGR:<\/p><p><strong>1. Invent\u00e1rio de riscos:<\/strong><br \/>a) caracteriza\u00e7\u00e3o dos processos e ambientes de trabalho;<br \/>b) caracteriza\u00e7\u00e3o das atividades;<br \/>c) descri\u00e7\u00e3o de perigos e de poss\u00edveis les\u00f5es ou agravos \u00e0 sa\u00fade dos trabalhadores, com a identifica\u00e7\u00e3o das fontes ou <br \/>circunst\u00e2ncias, descri\u00e7\u00e3o de riscos gerados pelos perigos.<br \/>d) dados da an\u00e1lise preliminar ou do monitoramento das exposi\u00e7\u00f5es a agentes f\u00edsicos, qu\u00edmicos e biol\u00f3gicos e os resultados da <br \/>avalia\u00e7\u00e3o de ergonomia;<br \/>e) avalia\u00e7\u00e3o dos riscos, incluindo a classifica\u00e7\u00e3o para fins de elabora\u00e7\u00e3o do plano de a\u00e7\u00e3o;<br \/>f) crit\u00e9rios adotados para avalia\u00e7\u00e3o dos riscos e tomada de decis\u00e3o.<\/p><p><br \/><strong>2. Plano de a\u00e7\u00e3o.<\/strong><\/p>\t\t\t\t\t\t<\/div>\n\t\t\t\t<\/div>\n\t\t\t\t\t<\/div>\n\t\t<\/div>\n\t\t\t\t<div class=\"elementor-column elementor-col-50 elementor-inner-column elementor-element elementor-element-8d0c151\" data-id=\"8d0c151\" data-element_type=\"column\">\n\t\t\t<div class=\"elementor-widget-wrap elementor-element-populated\">\n\t\t\t\t\t\t\t\t<div class=\"elementor-element elementor-element-26879e5 elementor-widget elementor-widget-image\" data-id=\"26879e5\" data-element_type=\"widget\" data-widget_type=\"image.default\">\n\t\t\t\t<div class=\"elementor-widget-container\">\n\t\t\t<style>\/*! elementor - v3.12.2 - 23-04-2023 *\/\n.elementor-widget-image{text-align:center}.elementor-widget-image a{display:inline-block}.elementor-widget-image a img[src$=\".svg\"]{width:48px}.elementor-widget-image img{vertical-align:middle;display:inline-block}<\/style>\t\t\t\t\t\t\t\t\t\t\t\t<img loading=\"lazy\" decoding=\"async\" width=\"800\" height=\"800\" src=\"https:\/\/jbvconsultoriasst.com.br\/wp-content\/uploads\/2023\/05\/PGR-1024x1024.jpg\" class=\"attachment-large size-large wp-image-261\" alt=\"\" srcset=\"https:\/\/jbvconsultoriasst.com.br\/wp-content\/uploads\/2023\/05\/PGR-1024x1024.jpg 1024w, https:\/\/jbvconsultoriasst.com.br\/wp-content\/uploads\/2023\/05\/PGR-300x300.jpg 300w, https:\/\/jbvconsultoriasst.com.br\/wp-content\/uploads\/2023\/05\/PGR-150x150.jpg 150w, https:\/\/jbvconsultoriasst.com.br\/wp-content\/uploads\/2023\/05\/PGR-768x768.jpg 768w, https:\/\/jbvconsultoriasst.com.br\/wp-content\/uploads\/2023\/05\/PGR.jpg 1080w\" sizes=\"auto, (max-width: 800px) 100vw, 800px\" \/>\t\t\t\t\t\t\t\t\t\t\t\t\t\t\t<\/div>\n\t\t\t\t<\/div>\n\t\t\t\t<div class=\"elementor-element elementor-element-03dc915 elementor-align-center elementor-widget elementor-widget-button\" data-id=\"03dc915\" data-element_type=\"widget\" data-widget_type=\"button.default\">\n\t\t\t\t<div class=\"elementor-widget-container\">\n\t\t\t\t\t<div class=\"elementor-button-wrapper\">\n\t\t\t<a href=\"https:\/\/jbvconsultoriasst.com.br\/index.php\/faleconosco\/\" class=\"elementor-button-link elementor-button elementor-size-sm\" role=\"button\">\n\t\t\t\t\t\t<span class=\"elementor-button-content-wrapper\">\n\t\t\t\t\t\t\t<span class=\"elementor-button-icon elementor-align-icon-left\">\n\t\t\t\t<i aria-hidden=\"true\" class=\"far fa-envelope-open\"><\/i>\t\t\t<\/span>\n\t\t\t\t\t\t<span class=\"elementor-button-text\">Solicite seu or\u00e7amento<\/span>\n\t\t<\/span>\n\t\t\t\t\t<\/a>\n\t\t<\/div>\n\t\t\t\t<\/div>\n\t\t\t\t<\/div>\n\t\t\t\t\t<\/div>\n\t\t<\/div>\n\t\t\t\t\t\t\t<\/div>\n\t\t<\/section>\n\t\t\t\t\t<\/div>\n\t\t<\/div>\n\t\t\t\t\t\t\t<\/div>\n\t\t<\/section>\n\t\t\t\t\t\t\t<\/div>\n\t\t","protected":false},"excerpt":{"rendered":"<p>Programa de Gerenciamento de Riscos (PGR) &#8211; NR-01 A Portaria SEPRT n\u00ba 6.730, de 09 de mar\u00e7o de 2020 que aprovou a nova reda\u00e7\u00e3o da Norma Regulamentadora n\u00ba 01 &#8211; Disposi\u00e7\u00f5es Gerais e Gerenciamento de Riscos Ocupacionais, ou seja, determinou que as empresas dever\u00e3o colocar em pratica o Gerenciamento de Riscos Ocupacionais &#8211; GRO em [&hellip;]<\/p>\n","protected":false},"author":1,"featured_media":0,"parent":0,"menu_order":0,"comment_status":"closed","ping_status":"closed","template":"elementor_header_footer","meta":{"footnotes":""},"class_list":["post-213","page","type-page","status-publish","hentry"],"_links":{"self":[{"href":"https:\/\/jbvconsultoriasst.com.br\/index.php\/wp-json\/wp\/v2\/pages\/213","targetHints":{"allow":["GET"]}}],"collection":[{"href":"https:\/\/jbvconsultoriasst.com.br\/index.php\/wp-json\/wp\/v2\/pages"}],"about":[{"href":"https:\/\/jbvconsultoriasst.com.br\/index.php\/wp-json\/wp\/v2\/types\/page"}],"author":[{"embeddable":true,"href":"https:\/\/jbvconsultoriasst.com.br\/index.php\/wp-json\/wp\/v2\/users\/1"}],"replies":[{"embeddable":true,"href":"https:\/\/jbvconsultoriasst.com.br\/index.php\/wp-json\/wp\/v2\/comments?post=213"}],"version-history":[{"count":10,"href":"https:\/\/jbvconsultoriasst.com.br\/index.php\/wp-json\/wp\/v2\/pages\/213\/revisions"}],"predecessor-version":[{"id":308,"href":"https:\/\/jbvconsultoriasst.com.br\/index.php\/wp-json\/wp\/v2\/pages\/213\/revisions\/308"}],"wp:attachment":[{"href":"https:\/\/jbvconsultoriasst.com.br\/index.php\/wp-json\/wp\/v2\/media?parent=213"}],"curies":[{"name":"wp","href":"https:\/\/api.w.org\/{rel}","templated":true}]}}